{"id":23,"date":"2013-03-15T15:59:21","date_gmt":"2013-03-15T14:59:21","guid":{"rendered":"http:\/\/iv2\/?page_id=23"},"modified":"2017-10-19T15:17:54","modified_gmt":"2017-10-19T13:17:54","slug":"about","status":"publish","type":"page","link":"https:\/\/www.iannix.org\/en\/about\/","title":{"rendered":"About"},"content":{"rendered":"<p><\/p>\n<div class=\"one-half\"><h4 class='bottom-pad'> Dream <strong> team <\/strong><\/h4><br \/>\nOur team regularly visit\u00a0<a href=\"\/help\/\">the forum<\/a>\u00a0to improve IanniX. If you have further enquiries, please don\u2019t hesitate to contact us directly\u00a0<a href=\"mailto:contact@iannix.org\">via email<\/a>.<\/p>\n<\/p>\n<ul class=\"\">\n<ul class=\"\">\n<li>Current team\n<ul class=\"\">\n<li>Thierry Coduys (project manager)<\/li>\n<li>Guillaume Jacquemin (software developer)<\/li>\n<li>Matthieu Ranc (association management)<\/li>\n<\/ul>\n<\/li>\n<\/ul>\n<\/ul>\n<p>\n<\/p>\n<ul class=\"\">\n<ul class=\"\">\n<li>Ideation\n<ul class=\"\">\n<li>Thierry Coduys<\/li>\n<li>Adrien Lefevre<\/li>\n<li>Gerard Pape (CCMIX)<\/li>\n<\/ul>\n<\/li>\n<li>Testers &amp; external contributors\n<ul class=\"\">\n<li>Jean Bresson (OpenMusic)<\/li>\n<li>Paul Crabbe (SuperCollider)<\/li>\n<li>Francesco (C-Sound)<\/li>\n<li>Cyrille Henry<\/li>\n<li>Thomas Thiery (PureData)<\/li>\n<li>Romain Vuillet<\/li>\n<\/ul>\n<\/li>\n<li>Software developers (former versions)\n<ul class=\"\">\n<li>Adrien Lefevre (v0.54)<\/li>\n<li>Guillaume Ferry (v0.6xx)<\/li>\n<li>Pierre Jullian de la Fuente &amp; Cyrill Duneau (v0.6xx)<\/li>\n<li>Matthieu Ranc &amp; Guillaume Jacquemin (v0.66)<\/li>\n<li>Guillaume Jacquemin (v0.8)<\/li>\n<\/ul>\n<\/li>\n<li>Acknowledgment\n<ul class=\"\">\n<li>Julian Scordato (current documentation), Etienne Math\u00e9 (documentation of 0.8), Joachim Montessuis, Manuel Deneu and all users for their observations and suggestions and AFIM (Association Fran\u00e7aise d&#8217;Informatique Musicale).<\/li>\n<\/ul>\n<\/li>\n<\/ul>\n<\/ul>\n<p><\/div>\n<div class=\"one-half last\"><h4 class='bottom-pad'> IanniX is an <strong> association <\/strong><\/h4><br \/>\nDonate the amount of your choice!<\/p>\n<form class=\"formDon\" action=\"https:\/\/www.paypal.com\/cgi-bin\/webscr\" method=\"post\" target=\"_blank\"><input name=\"cmd\" type=\"hidden\" value=\"_s-xclick\" \/><input name=\"hosted_button_id\" type=\"hidden\" value=\"97P8YBY89FR8A\" \/><input name=\"item_name\" type=\"hidden\" value=\"Donation to IanniX association\" \/><input alt=\"PayPal - The safer, easier way to pay online!\" name=\"submit\" src=\"https:\/\/www.paypalobjects.com\/en_US\/i\/btn\/btn_donateCC_LG.gif\" type=\"image\" \/><img decoding=\"async\" data-src=\"https:\/\/www.paypalobjects.com\/fr_FR\/i\/scr\/pixel.gif\" alt=\"\" width=\"1\" height=\"1\" border=\"0\" src=\"data:image\/svg+xml;base64,PHN2ZyB3aWR0aD0iMSIgaGVpZ2h0PSIxIiB4bWxucz0iaHR0cDovL3d3dy53My5vcmcvMjAwMC9zdmciPjwvc3ZnPg==\" class=\"lazyload\" style=\"--smush-placeholder-width: 1px; --smush-placeholder-aspect-ratio: 1\/1;\" \/><\/form>\n<p><!--\n\n\n<p style=\"text-align: left;\">[heading] We love | interns (fr) [\/heading]<\/p>\n\n\nIanniX est un projet open-source maintenu par quelques personnes assurant sa promotion, son d\u00e9veloppement et sa maintenance. D\u00e9but 2011, un financement du Minist\u00e8re de la Culture a permis de re-d\u00e9velopper une version de IanniX plus visible, plus ergonomique, plus stable, etc.\n\nPour continuer son d\u00e9veloppement et surtout pour enrichir IanniX de tutoriaux, de vid\u00e9os p\u00e9dagogiques, pour r\u00e9pondre et assurer un lien avec la communaut\u00e9 d'utilisateurs, nous recherchons des stagiaires pour des dur\u00e9es maximum de 2 mois (notre mode de financement actuel ne nous permettant pas de r\u00e9mun\u00e9rer les stagiaires). Le stage sera en revanche conventionn\u00e9 et reconnu par votre \u00e9cole.\n\nVous travaillerez dans les locaux de la soci\u00e9t\u00e9\u00a0<a href=\"http:\/\/www.buzzinglight.com\/\" target=\"_blank\">Buzzing Light<\/a>\u00a0\u00e9tablie \u00e0\u00a0<a href=\"http:\/\/map.buzzinglight.com\/\" target=\"_blank\">Paris<\/a>\u00a0et serez encadr\u00e9s par Guillaume Jacquemin (d\u00e9veloppeur), Thierry Coduys (chef de projet) et Matthieu Ranc (web &amp; identit\u00e9).\n\nSi vous pensez avoir le profil pour r\u00e9aliser une des t\u00e2ches suivantes, merci de nous adresser votre CV + note d'intention en PDF \u00e0\u00a0<a href=\"mailto:contact@iannix.org\">contact@iannix.org<\/a>.\n[list type=check]\n\n\n<ul>\n \t\n\n<li>am\u00e9lioration de la plateforme Web (ajout de projets ou d'outils par les utilisateurs)<\/li>\n\n\n \t\n\n<li>r\u00e9alisation de tutoriaux, exemples, vid\u00e9os p\u00e9dagogiques<\/li>\n\n\n \t\n\n<li>ajout d'exemples graphiques (<a href=\"http:\/\/www.mathcurve.com\/\" target=\"_blank\">math\u00e9matiques<\/a>\u00a0ou graphiques)<\/li>\n\n\n \t\n\n<li>gestion de la communaut\u00e9<\/li>\n\n\n \t\n\n<li>gestion de repository<\/li>\n\n\n \t\n\n<li>d\u00e9veloppements\/d\u00e9ploiements Linux<\/li>\n\n\n<\/ul>\n\n\n[\/list]\n--><\/div>\n<div class=\"clear\"><\/div>\n<h4 class='bottom-pad'> Our <strong> friends <\/strong><\/h4>\n<div class=\"one-third\">\n<h4>Compatible softwares<\/h4>\n<\/p>\n<ul class=\"\">\n<li><a href=\"http:\/\/www.puredata.info\/\" target=\"_blank\">Pure Data<\/a><\/li>\n<li><a href=\"http:\/\/www.supercollider.sourceforge.net\/downloads\/\" target=\"_blank\">Super Collider<\/a><\/li>\n<li><a href=\"http:\/\/www.processing.org\/\" target=\"_blank\">Processing<\/a><\/li>\n<li><a href=\"http:\/\/www.cycling74.com\/\" target=\"_blank\">Max (ex. MaxMSP\/Jitter)<\/a><\/li>\n<li><a href=\"http:\/\/www.derivative.ca\" target=\"_blank\">Touch Designer<\/a><\/li>\n<li><a href=\"http:\/\/www.getdlight.com\" target=\"_blank\">D::Light<\/a><\/li>\n<li><a href=\"http:\/\/kyma.symbolicsound.com\">Symbolic Sound Kyma<\/a><\/li>\n<li><a href=\"https:\/\/heavym.net\/en\/\" target=\"_blank\">HeavyM<\/a><\/li>\n<li><a href=\"http:\/\/www.openframeworks.cc\/\" target=\"_blank\">OpenFrameworks<\/a><\/li>\n<li><a href=\"http:\/\/www.csounds.com\/downloads\" target=\"_blank\">Csound<\/a><\/li>\n<li><a href=\"http:\/\/repmus.ircam.fr\/openmusic\/libraries\" target=\"_blank\">OpenMusic<\/a><\/li>\n<li><a href=\"http:\/\/vvvv.org\/\" target=\"_blank\">vvvv<\/a><\/li>\n<li><a href=\"http:\/\/troikatronix.com\/isadora\/about\/\" target=\"_blank\">Isadora<\/a><\/li>\n<li><a href=\"http:\/\/www.modul8.ch\/\" target=\"_blank\">Modul8<\/a><\/li>\n<li><a href=\"http:\/\/www.ableton.com\/\" target=\"_blank\">Live<\/a><\/li>\n<li><a href=\"http:\/\/www.sensomusic.org\" target=\"_blank\">Usine<\/a><\/li>\n<li><a href=\"http:\/\/www.motu.com\/products\/software\/dp\/\" target=\"_blank\">Digital Performer<\/a><\/li>\n<li><a href=\"http:\/\/www.native-instruments.com\/#\/en\/products\/producer\/reaktor-5\/\" target=\"_blank\">Reaktor<\/a><\/li>\n<li><a href=\"http:\/\/inscore.sourceforge.net\" target=\"_blank\">INScore<\/a><\/li>\n<li><a href=\"http:\/\/chuck.cs.princeton.edu\/\" target=\"_blank\">Chuck<\/a><\/li>\n<li><a href=\"http:\/\/www.plogue.com\/\" target=\"_blank\">Bidule<\/a><\/li>\n<li><a href=\"http:\/\/www.audiomulch.com\/\" target=\"_blank\">Audiomulch<\/a><\/li>\n<li><a href=\"http:\/\/developer.apple.com\/library\/mac\/#documentation\/GraphicsImaging\/Conceptual\/QuartzComposerUserGuide\/qc_concepts\/qc_concepts.html#\/\/apple_ref\/doc\/uid\/TP40005381-CH212-SW9\" target=\"_blank\">Quartz Composer<\/a><\/li>\n<li><a href=\"http:\/\/frieslandav.com\/xtension_osc.php\" target=\"_blank\">Camera GripTools OSC\n<li><a href=\"http:\/\/www.renoise.com\/\" target=\"_blank\">Renoise<\/a><\/li>\n<li><a href=\"http:\/\/transmote.com\/flosc\/\" target=\"_blank\">Flosc<\/a><\/li>\n<li><a href=\"http:\/\/jamoma.org\/\" target=\"_blank\">Jamoma<\/a><\/li>\n<li><a href=\"http:\/\/www.illposed.com\/software\/javaosc.html\" target=\"_blank\">JavaOSC<\/a><\/li>\n<li><a href=\"http:\/\/hexler.net\/software\/touchosc\" target=\"_blank\">TouchOSC<\/a><\/li>\n<\/ul>\n<p><\/div>\n<div class=\"one-third\"><\/p>\n<ul class=\"\">\n<li><a href=\"http:\/\/sourceforge.net\/projects\/mirage\/\" target=\"_blank\">Mirage<\/a><\/li>\n<li><a href=\"http:\/\/www.cs.cmu.edu\/~music\/nyquist\/\" target=\"_blank\">Nyquist<\/a><\/li>\n<li><a href=\"http:\/\/freej.dyne.org\/\" target=\"_blank\">FreeJ<\/a><\/li>\n<li><a href=\"http:\/\/www.squeak.org\/\" target=\"_blank\">Squeak<\/a><\/li>\n<li><a href=\"http:\/\/poly.share.dj\/projects\/#mrmr\" target=\"_blank\">mrmr<\/a><\/li>\n<li><a href=\"http:\/\/diablu.jorgecardoso.eu\/\" target=\"_blank\">Diablu<\/a><\/li>\n<li><a href=\"https:\/\/www.cs.cmu.edu\/~music\/aura\/serpent-info.htm\" target=\"_blank\">Serpent<\/a><\/li>\n<li><a href=\"http:\/\/www.infomus.org\/eyesweb_ita.php\" target=\"_blank\">EyesWeb<\/a><\/li>\n<li><a href=\"http:\/\/osw.sourceforge.net\/\" target=\"_blank\">Open Sound World<\/a><\/li>\n<li><a href=\"http:\/\/trac2.assembla.com\/pkaudio\/wiki\/scosc\" target=\"_blank\">scosc<\/a><\/li>\n<li><a href=\"http:\/\/www.rossbencina.com\/code\/oscgroups\" target=\"_blank\">OSCgroups<\/a><\/li>\n<li><a href=\"http:\/\/dssi.sourceforge.net\/\" target=\"_blank\">DSSI<\/a><\/li>\n<li><a href=\"http:\/\/www.ventuz.com\/\" target=\"_blank\">Ventuz<\/a><\/li>\n<li><a href=\"https:\/\/github.com\/aberant\/osc-ruby\" target=\"_blank\">Ruby<\/a><\/li>\n<\/li>\n<\/ul>\n<p><\/p>\n<h4>Iannis Xenakis<\/h4>\n<\/p>\n<ul class=\"\">\n<li><a href=\"http:\/\/www.iannis-xenakis.org\/\" target=\"_blank\">Xenakis<\/a><\/li>\n<li><a href=\"http:\/\/www.centre-iannis-xenakis.org\" target=\"_blank\">Centre Iannis Xenakis<\/a><\/li>\n<\/ul>\n<p>\n<h4>Partners<\/h4>\n<\/p>\n<ul class=\"\">\n<li><a href=\"http:\/\/www.le-hub.org\/\" target=\"_blank\">Le Hub<\/a><\/li>\n<li><a href=\"http:\/\/www.buzzinglight.com\/\" target=\"_blank\">Buzzing Light<\/a><\/li>\n<li><a href=\"http:\/\/www.autopoiese.org\/\" target=\"_blank\">Joachim Montessuis<\/a><\/li>\n<\/ul>\n<p><\/div>\n<div class=\"one-third last\">\n<h4>Institutions<\/h4>\n<\/p>\n<ul class=\"\">\n<li><a href=\"http:\/\/www.inagrm.com\/\" target=\"_blank\">GRM<\/a><\/li>\n<li><a href=\"http:\/\/www.ircam.fr\/\" target=\"_blank\">IRCAM<\/a><\/li>\n<li><a href=\"http:\/\/www.grame.fr\/\" target=\"_blank\">Grame<\/a><\/li>\n<li><a href=\"http:\/\/www.sat.qc.ca\/\" target=\"_blank\">SAT<\/a><\/li>\n<li><a href=\"http:\/\/www.steim.org\/steim\/\" target=\"_blank\">STEIM<\/a><\/li>\n<li><a href=\"http:\/\/cnmat.berkeley.edu\/\" target=\"_blank\">CNMAT<\/a><\/li>\n<li><a href=\"https:\/\/ccrma.stanford.edu\/\" target=\"_blank\">CCRMA<\/a><\/li>\n<li><a href=\"http:\/\/www.create.ucsb.edu\" target=\"_blank\">CREATE<\/a><\/li>\n<li><a href=\"http:\/\/musicweb.ucsd.edu\/\" target=\"_blank\">CRCA<\/a><\/li>\n<li><a href=\"http:\/\/music.columbia.edu\/cmc\/\" target=\"_blank\">CMC<\/a><\/li>\n<li><a href=\"http:\/\/www.beast.bham.ac.uk\/\" target=\"_blank\">BEAST<\/a><\/li>\n<li><a href=\"http:\/\/www.ipem.ugent.be\/\" target=\"_blank\">IPEM<\/a><\/li>\n<\/ul>\n<p>\n<h4>Compatible hardware<\/h4>\n<\/p>\n<ul class=\"\">\n<li><a href=\"http:\/\/www.arduino.cc\/\" target=\"_blank\">Arduino<\/a><\/li>\n<li><a href=\"http:\/\/www.interface-z.com\/produits\/index.htm\" target=\"_blank\">InterfaceZ<\/a><\/li>\n<li><a href=\"http:\/\/glui.de\/\" target=\"_blank\">Gluion<\/a><\/li>\n<li><a href=\"http:\/\/www.eowave.com\/\" target=\"_blank\">Eobody<\/a><\/li>\n<\/ul>\n<p><\/div>\n<div class=\"clear\"><\/div>\n<p><\/p>","protected":false},"excerpt":{"rendered":"<p>About\u2026<\/p>\n","protected":false},"author":1,"featured_media":0,"parent":0,"menu_order":0,"comment_status":"open","ping_status":"open","template":"","meta":{"_bbp_topic_count":0,"_bbp_reply_count":0,"_bbp_total_topic_count":0,"_bbp_total_reply_count":0,"_bbp_voice_count":0,"_bbp_anonymous_reply_count":0,"_bbp_topic_count_hidden":0,"_bbp_reply_count_hidden":0,"_bbp_forum_subforum_count":0,"footnotes":""},"class_list":["post-23","page","type-page","status-publish","hentry"],"_links":{"self":[{"href":"https:\/\/www.iannix.org\/en\/wp-json\/wp\/v2\/pages\/23","targetHints":{"allow":["GET"]}}],"collection":[{"href":"https:\/\/www.iannix.org\/en\/wp-json\/wp\/v2\/pages"}],"about":[{"href":"https:\/\/www.iannix.org\/en\/wp-json\/wp\/v2\/types\/page"}],"author":[{"embeddable":true,"href":"https:\/\/www.iannix.org\/en\/wp-json\/wp\/v2\/users\/1"}],"replies":[{"embeddable":true,"href":"https:\/\/www.iannix.org\/en\/wp-json\/wp\/v2\/comments?post=23"}],"version-history":[{"count":88,"href":"https:\/\/www.iannix.org\/en\/wp-json\/wp\/v2\/pages\/23\/revisions"}],"predecessor-version":[{"id":4174,"href":"https:\/\/www.iannix.org\/en\/wp-json\/wp\/v2\/pages\/23\/revisions\/4174"}],"wp:attachment":[{"href":"https:\/\/www.iannix.org\/en\/wp-json\/wp\/v2\/media?parent=23"}],"curies":[{"name":"wp","href":"https:\/\/api.w.org\/{rel}","templated":true}]}}