{"id":11,"date":"2013-03-15T15:58:04","date_gmt":"2013-03-15T14:58:04","guid":{"rendered":"http:\/\/iv2\/?page_id=11"},"modified":"2025-09-15T22:24:52","modified_gmt":"2025-09-15T20:24:52","slug":"download-iannix","status":"publish","type":"page","link":"https:\/\/www.iannix.org\/fr\/download-iannix\/","title":{"rendered":"T\u00e9l\u00e9chargement"},"content":{"rendered":"<p><h4 class='bottom-pad'> Un projet <strong> open source <\/strong><\/h4><\/p>\n<div class=\"two-third\">IanniX est gratuit et open-source \u2014 il est distribu\u00e9 sous\u00a0<a href=\"http:\/\/www.gnu.org\/licenses\/gpl.html\" target=\"_blank\" rel=\"noopener\">licence GPL3<\/a>\u00a0(si vous utilisez IanniX dans le cadre d&rsquo;une installation ou d&rsquo;une performance, vous devez citer IanniX).\u00a0Vous pouvez le modifier, l&rsquo;adapter, le hacker sans limite, en respectant simplement les r\u00e8gles des Creative\u00a0Commons (vous n&rsquo;oubliez pas de citer vos sources et redistribution en GPL3).<\/p>\n<p>IanniX a b\u00e9n\u00e9fici\u00e9 du soutien du Minist\u00e8re de la Culture fran\u00e7ais pour les grands chantiers du projet (nouvelle version, site web, communication\u2026), mais sa maintenance et ses mises \u00e0 jour sont effectu\u00e9es par une \u00e9quipe b\u00e9n\u00e9vole. Nous avons cr\u00e9\u00e9 l&rsquo;association loi 1901 IanniX, reconnue d&rsquo;int\u00earet g\u00e9n\u00e9ral, (<a href=\"\/ressources\/statuts.pdf\" target=\"_blank\" rel=\"noopener\">statuts<\/a>\u00a0et\u00a0<a href=\"http:\/\/www.journal-officiel.gouv.fr\/association\/index.php?ACTION=Rechercher&amp;HI_PAGE=1&amp;HI_COMPTEUR=0&amp;original_method=get&amp;WHAT=IanniX&amp;JTH_ID=&amp;JAN_BD_CP=&amp;JRE_ID=&amp;JAN_LIEU_DECL=&amp;JTY_ID=&amp;JTY_WALDEC=&amp;JTY_SIREN=&amp;JPA_D_D=&amp;JPA_D_F=&amp;rechercher.x=32&amp;rechercher.y=8&amp;rechercher=Rechercher\" target=\"_blank\" rel=\"noopener\">parution au JO<\/a>) afin de r\u00e9colter les fonds n\u00e9cessaires au d\u00e9veloppement, au maintien du site web et \u00e0 la promotion et la diffusion de IanniX.<\/p>\n<p>Si vous souhaitez faire un don d\u00e9ductible de vos imp\u00f4ts en France (66% des sommes vers\u00e9es dans la limite de 20% du revenu imposable), vous ne pouvez pas utiliser Paypal ; merci de\u00a0<a href=\"mailto:contact@iannix.org\">nous contacter<\/a>.<\/div>\n<div class=\"one-third last\"><center><\/center>&nbsp;<\/p>\n<form class=\"formDon\" action=\"https:\/\/www.paypal.com\/cgi-bin\/webscr\" method=\"post\" target=\"_blank\"><input name=\"cmd\" type=\"hidden\" value=\"_s-xclick\" \/><input name=\"hosted_button_id\" type=\"hidden\" value=\"WE584L6QZSQXS\" \/><input name=\"item_name\" type=\"hidden\" value=\"Don association IanniX\" \/><input alt=\"PayPal - la solution de paiement en ligne la plus simple et la plus s\u00e9curis\u00e9e !\" name=\"submit\" src=\"https:\/\/www.paypalobjects.com\/fr_FR\/FR\/i\/btn\/btn_donateCC_LG.gif\" type=\"image\" \/><img decoding=\"async\" data-src=\"https:\/\/www.paypalobjects.com\/fr_FR\/i\/scr\/pixel.gif\" alt=\"\" width=\"1\" height=\"1\" border=\"0\" src=\"data:image\/svg+xml;base64,PHN2ZyB3aWR0aD0iMSIgaGVpZ2h0PSIxIiB4bWxucz0iaHR0cDovL3d3dy53My5vcmcvMjAwMC9zdmciPjwvc3ZnPg==\" class=\"lazyload\" style=\"--smush-placeholder-width: 1px; --smush-placeholder-aspect-ratio: 1\/1;\" \/><\/form>\n<\/div>\n<div class=\"clear\"><\/div>\n<p><h4 class='bottom-pad'> Derni\u00e8res <strong> versions <\/strong><\/h4><br \/>\n<span class=\"label gray\">info<\/span> La derni\u00e8re version stable est IanniX 0.9.20 (<a href=\"\/download\/ReleaseNotes.txt\" rel=\"noopener\" target=\"_blank\">historique des modifications<\/a>)<\/p>\n<div class=\"tabs\">\n<ul class=\"\">\n<li class=\"active\"><a title=\"macOS\" href=\"#tab-7\">macOS<\/a><\/li>\n<li><a title=\"Linux\" href=\"#tab-8\">Linux<\/a><\/li>\n<li><a title=\"Windows\" href=\"#tab-9\">Windows<\/a><\/li>\n<li><a title=\"Code source\" href=\"#tab-10\">Code source<\/a><\/li>\n<li><a title=\"Anciennes versions\" href=\"#tab-11\">Anciennes versions<\/a><\/li>\n<\/ul>\n<div class=\"active tab\" id=\"tab-7\">\n<p><span class=\"label gray\">info<\/span> Depuis IanniX 0.9.18, nous ne fournissons plus les binaires 32 bit. Merci de compiler IanniX vous-m\u00eame avec QT 4.8.<\/p>\n<p>Instructions :<br \/>\n<\/p>\n<ol class=\"\">\n<li>T\u00e9l\u00e9chargez l&rsquo;une des version de l&rsquo;application (selon votre version de macOS)<\/li>\n<li>Double-clickez sur le fichier DMG t\u00e9l\u00e9charg\u00e9<\/li>\n<li>D\u00e9placez l&rsquo;ic\u00f4ne IanniX dans le dossier Applications<\/li>\n<\/ol>\n<p><br \/>\n<a class=\"white big button\" href=\"\/download\/iannix_mac_64__0_9_20.dmg\">IanniX pour macOS (64 bit \u2014 compatible Apple M1 \u2014 de El Capitan \u00e0 Tahoe)<\/a>\n<\/p><\/div>\n<div class=\"tab\" id=\"tab-8\">\n<p><span class=\"label gray\">info<\/span> Depuis IanniX 0.9.18, nous ne fournissons plus les binaires 32 bit. Merci de compiler IanniX vous-m\u00eame avec QT 4.8 ou 5.x.<\/p>\n<p>Instructions :<br \/>\n<\/p>\n<ol>\n<li>T\u00e9l\u00e9chargez le\u00a0tarball<\/li>\n<li>Extraire l&rsquo;archive<\/li>\n<li>Si besoin ouvrez un terminal et changes les permissions d&rsquo;ex\u00e9cution (chmod u+x IanniX)<\/li>\n<li>Lancez IanniX en double-clickant sur \u00ab\u00a0IanniX\u00a0\u00bb ou le cas \u00e9ch\u00e9ant, en double-clickant que \u00ab\u00a0IanniX.sh\u00a0\u00bb<\/li>\n<\/ol>\n<p>&nbsp;<br \/>\n<a class=\"white big button\" href=\"\/download\/iannix_linux_64__0_9_20.zip\">IanniX pour Ubuntu (64 bit)<\/a><\/p>\n<p><span class=\"label gray\">info<\/span> <a href=\"https:\/\/buildd.debian.org\/status\/package.php?p=iannix\" target=\"_blank\" rel=\"noopener\">Debian package build status consultable ici<\/a>.\n<\/div>\n<div class=\"tab\" id=\"tab-9\">\nInstructions :<br \/>\n<\/p>\n<ol>\n<li>T\u00e9l\u00e9chargez IanniX pour Windows<\/li>\n<li>Clic-droit sur le fichier ZIP t\u00e9l\u00e9charger puis choisissez Extraire<\/li>\n<\/ol>\n<p>&nbsp;<br \/>\n<a class=\"white big button\" href=\"\/download\/iannix_windows_32__0_9_20.zip\">IanniX pour Windows XP, Vista, 7, 8, 8.1, 10 (32 bit)<\/a><br \/>\n<a class=\"white big button\" href=\"\/download\/iannix_windows_64__0_9_20.zip\">IanniX pour Windows XP, Vista, 7, 8, 8.1, 10 (64 bit)<\/a><br \/>\n&nbsp;<br \/>\n<span class=\"label gray\">info<\/span>\u00a0Si des .DLL venaient \u00e0 manquer, merci de <a href=\"https:\/\/www.microsoft.com\/en-us\/download\/details.aspx?id=53840\" target=\"_blank\" rel=\"noopener\">t\u00e9l\u00e9charger le kit\u00a0redistribuable depuis le site de\u00a0Microsoft.<\/a>\n<\/div>\n<div class=\"tab\" id=\"tab-10\">\n<a href=\"https:\/\/github.com\/buzzinglight\/IanniX\" target=\"_blank\" rel=\"noopener\">Aller \u00e0 la page GitHub de IanniX<\/a>\n<\/div>\n<div class=\"tab\" id=\"tab-11\">\n<a href=\"\/download_old\" target=\"_blank\" rel=\"noopener\">Ouvrir le dossier<\/a>\n<\/div>\n<\/div>\n<p><h4 class='bottom-pad'> IanniX <strong> documentation <\/strong><\/h4><br \/>\n<a href=\"https:\/\/github.com\/buzzinglight\/IanniX\/wiki\" target=\"_blank\" rel=\"noopener\">Acc\u00e9der au wiki de IanniX<\/a> (un grand merci \u00e0 Julian Scordato)<\/p>\n<br>\n<h4 class='bottom-pad'> T\u00e9l\u00e9chargement des <strong> visuels <\/strong><\/h4>\n<div class=\"one-sixth\"><div id=\"attachment_414\" style=\"width: 90px\" class=\"wp-caption aligncenter\"><a href=\"https:\/\/www.iannix.org\/wp-content\/uploads\/2013\/03\/wallpaper_iannix_white.png\"><img decoding=\"async\" aria-describedby=\"caption-attachment-414\" class=\"size-thumbnail wp-image-414 lazyload\" data-src=\"https:\/\/www.iannix.org\/wp-content\/uploads\/2013\/03\/wallpaper_iannix_white-80x80.png\" alt=\"White wallpaper\" width=\"80\" height=\"80\" src=\"data:image\/svg+xml;base64,PHN2ZyB3aWR0aD0iMSIgaGVpZ2h0PSIxIiB4bWxucz0iaHR0cDovL3d3dy53My5vcmcvMjAwMC9zdmciPjwvc3ZnPg==\" style=\"--smush-placeholder-width: 80px; --smush-placeholder-aspect-ratio: 80\/80;\" \/><\/a><p id=\"caption-attachment-414\" class=\"wp-caption-text\">White wallpaper<\/p><\/div><\/div>\n<div class=\"one-sixth\"><div id=\"attachment_413\" style=\"width: 90px\" class=\"wp-caption aligncenter\"><a href=\"https:\/\/www.iannix.org\/wp-content\/uploads\/2013\/03\/wallpaper_iannix_blue.png\"><img decoding=\"async\" aria-describedby=\"caption-attachment-413\" class=\"size-thumbnail wp-image-413 lazyload\" data-src=\"https:\/\/www.iannix.org\/wp-content\/uploads\/2013\/03\/wallpaper_iannix_blue-80x80.png\" alt=\"Blue wallpaper\" width=\"80\" height=\"80\" src=\"data:image\/svg+xml;base64,PHN2ZyB3aWR0aD0iMSIgaGVpZ2h0PSIxIiB4bWxucz0iaHR0cDovL3d3dy53My5vcmcvMjAwMC9zdmciPjwvc3ZnPg==\" style=\"--smush-placeholder-width: 80px; --smush-placeholder-aspect-ratio: 80\/80;\" \/><\/a><p id=\"caption-attachment-413\" class=\"wp-caption-text\">Blue wallpaper<\/p><\/div><\/div>\n<div class=\"one-sixth\"><div id=\"attachment_401\" style=\"width: 90px\" class=\"wp-caption aligncenter\"><a href=\"https:\/\/www.iannix.org\/wp-content\/uploads\/2013\/03\/logo_iannix_black.png\"><img decoding=\"async\" aria-describedby=\"caption-attachment-401\" class=\"size-thumbnail wp-image-401 lazyload\" data-src=\"https:\/\/www.iannix.org\/wp-content\/uploads\/2013\/03\/logo_iannix_black-80x80.png\" alt=\"Black full logo\" width=\"80\" height=\"80\" src=\"data:image\/svg+xml;base64,PHN2ZyB3aWR0aD0iMSIgaGVpZ2h0PSIxIiB4bWxucz0iaHR0cDovL3d3dy53My5vcmcvMjAwMC9zdmciPjwvc3ZnPg==\" style=\"--smush-placeholder-width: 80px; --smush-placeholder-aspect-ratio: 80\/80;\" \/><\/a><p id=\"caption-attachment-401\" class=\"wp-caption-text\">Black full logo<\/p><\/div><\/div>\n<div class=\"one-sixth\"><div id=\"attachment_404\" style=\"width: 90px\" class=\"wp-caption aligncenter\"><a href=\"https:\/\/www.iannix.org\/wp-content\/uploads\/2013\/03\/logo_iannix_white.png\"><img decoding=\"async\" aria-describedby=\"caption-attachment-404\" class=\"size-thumbnail wp-image-404 lazyload\" data-src=\"https:\/\/www.iannix.org\/wp-content\/uploads\/2013\/03\/logo_iannix_white-80x80.png\" alt=\"White full logo\" width=\"80\" height=\"80\" src=\"data:image\/svg+xml;base64,PHN2ZyB3aWR0aD0iMSIgaGVpZ2h0PSIxIiB4bWxucz0iaHR0cDovL3d3dy53My5vcmcvMjAwMC9zdmciPjwvc3ZnPg==\" style=\"--smush-placeholder-width: 80px; --smush-placeholder-aspect-ratio: 80\/80;\" \/><\/a><p id=\"caption-attachment-404\" class=\"wp-caption-text\">White full logo<\/p><\/div><\/div>\n<div class=\"one-sixth\"><div id=\"attachment_403\" style=\"width: 90px\" class=\"wp-caption aligncenter\"><a href=\"https:\/\/www.iannix.org\/wp-content\/uploads\/2013\/03\/logo_iannix_white_without_waves.png\"><img decoding=\"async\" aria-describedby=\"caption-attachment-403\" class=\"size-thumbnail wp-image-403 lazyload\" data-src=\"https:\/\/www.iannix.org\/wp-content\/uploads\/2013\/03\/logo_iannix_white_without_waves-80x80.png\" alt=\"IanniX white word\" width=\"80\" height=\"80\" src=\"data:image\/svg+xml;base64,PHN2ZyB3aWR0aD0iMSIgaGVpZ2h0PSIxIiB4bWxucz0iaHR0cDovL3d3dy53My5vcmcvMjAwMC9zdmciPjwvc3ZnPg==\" style=\"--smush-placeholder-width: 80px; --smush-placeholder-aspect-ratio: 80\/80;\" \/><\/a><p id=\"caption-attachment-403\" class=\"wp-caption-text\">IanniX white word<\/p><\/div><\/div>\n<div class=\"one-sixth last\"><div id=\"attachment_402\" style=\"width: 90px\" class=\"wp-caption aligncenter\"><a href=\"https:\/\/www.iannix.org\/wp-content\/uploads\/2013\/03\/logo_iannix_white_waves.png\"><img decoding=\"async\" aria-describedby=\"caption-attachment-402\" class=\"size-thumbnail wp-image-402 lazyload\" data-src=\"https:\/\/www.iannix.org\/wp-content\/uploads\/2013\/03\/logo_iannix_white_waves-80x80.png\" alt=\"IanniX white waves\" width=\"80\" height=\"80\" src=\"data:image\/svg+xml;base64,PHN2ZyB3aWR0aD0iMSIgaGVpZ2h0PSIxIiB4bWxucz0iaHR0cDovL3d3dy53My5vcmcvMjAwMC9zdmciPjwvc3ZnPg==\" style=\"--smush-placeholder-width: 80px; --smush-placeholder-aspect-ratio: 80\/80;\" \/><\/a><p id=\"caption-attachment-402\" class=\"wp-caption-text\">IanniX white waves<\/p><\/div><\/div>\n<div class=\"clear\"><\/div>\n<div class=\"one-sixth\"><div id=\"attachment_405\" style=\"width: 90px\" class=\"wp-caption aligncenter\"><a href=\"https:\/\/www.iannix.org\/wp-content\/uploads\/2013\/03\/logo_icon.png\"><img decoding=\"async\" aria-describedby=\"caption-attachment-405\" class=\"size-thumbnail wp-image-405 lazyload\" data-src=\"https:\/\/www.iannix.org\/wp-content\/uploads\/2013\/03\/logo_icon-80x80.png\" alt=\"Icon\" width=\"80\" height=\"80\" data-srcset=\"https:\/\/www.iannix.org\/wp-content\/uploads\/2013\/03\/logo_icon-80x80.png 80w, https:\/\/www.iannix.org\/wp-content\/uploads\/2013\/03\/logo_icon-300x300.png 300w, https:\/\/www.iannix.org\/wp-content\/uploads\/2013\/03\/logo_icon.png 512w\" data-sizes=\"(max-width: 80px) 100vw, 80px\" src=\"data:image\/svg+xml;base64,PHN2ZyB3aWR0aD0iMSIgaGVpZ2h0PSIxIiB4bWxucz0iaHR0cDovL3d3dy53My5vcmcvMjAwMC9zdmciPjwvc3ZnPg==\" style=\"--smush-placeholder-width: 80px; --smush-placeholder-aspect-ratio: 80\/80;\" \/><\/a><p id=\"caption-attachment-405\" class=\"wp-caption-text\">Icon<\/p><\/div><\/div>\n<div class=\"one-sixth\"><div id=\"attachment_412\" style=\"width: 90px\" class=\"wp-caption aligncenter\"><a href=\"https:\/\/www.iannix.org\/wp-content\/uploads\/2013\/03\/logo_square_400px.png\"><img decoding=\"async\" aria-describedby=\"caption-attachment-412\" class=\"size-thumbnail wp-image-412 lazyload\" data-src=\"https:\/\/www.iannix.org\/wp-content\/uploads\/2013\/03\/logo_square_400px-80x80.png\" alt=\"Square logo 400px\" width=\"80\" height=\"80\" data-srcset=\"https:\/\/www.iannix.org\/wp-content\/uploads\/2013\/03\/logo_square_400px-80x80.png 80w, https:\/\/www.iannix.org\/wp-content\/uploads\/2013\/03\/logo_square_400px-300x300.png 300w, https:\/\/www.iannix.org\/wp-content\/uploads\/2013\/03\/logo_square_400px.png 400w\" data-sizes=\"(max-width: 80px) 100vw, 80px\" src=\"data:image\/svg+xml;base64,PHN2ZyB3aWR0aD0iMSIgaGVpZ2h0PSIxIiB4bWxucz0iaHR0cDovL3d3dy53My5vcmcvMjAwMC9zdmciPjwvc3ZnPg==\" style=\"--smush-placeholder-width: 80px; --smush-placeholder-aspect-ratio: 80\/80;\" \/><\/a><p id=\"caption-attachment-412\" class=\"wp-caption-text\">Square logo 400px<\/p><\/div><\/div>\n<div class=\"one-sixth\"><div id=\"attachment_410\" style=\"width: 90px\" class=\"wp-caption aligncenter\"><a href=\"https:\/\/www.iannix.org\/wp-content\/uploads\/2013\/03\/logo_square_200px.png\"><img decoding=\"async\" aria-describedby=\"caption-attachment-410\" class=\"size-thumbnail wp-image-410 lazyload\" data-src=\"https:\/\/www.iannix.org\/wp-content\/uploads\/2013\/03\/logo_square_200px-80x80.png\" alt=\"Square logo 200px\" width=\"80\" height=\"80\" data-srcset=\"https:\/\/www.iannix.org\/wp-content\/uploads\/2013\/03\/logo_square_200px-80x80.png 80w, https:\/\/www.iannix.org\/wp-content\/uploads\/2013\/03\/logo_square_200px.png 200w\" data-sizes=\"(max-width: 80px) 100vw, 80px\" src=\"data:image\/svg+xml;base64,PHN2ZyB3aWR0aD0iMSIgaGVpZ2h0PSIxIiB4bWxucz0iaHR0cDovL3d3dy53My5vcmcvMjAwMC9zdmciPjwvc3ZnPg==\" style=\"--smush-placeholder-width: 80px; --smush-placeholder-aspect-ratio: 80\/80;\" \/><\/a><p id=\"caption-attachment-410\" class=\"wp-caption-text\">Square logo 200px<\/p><\/div><\/div>\n<div class=\"one-sixth\"><div id=\"attachment_409\" style=\"width: 90px\" class=\"wp-caption aligncenter\"><a href=\"https:\/\/www.iannix.org\/wp-content\/uploads\/2013\/03\/logo_square_90px.png\"><img decoding=\"async\" aria-describedby=\"caption-attachment-409\" class=\"size-thumbnail wp-image-409 lazyload\" data-src=\"https:\/\/www.iannix.org\/wp-content\/uploads\/2013\/03\/logo_square_90px-80x80.png\" alt=\"Square logo 90px\" width=\"80\" height=\"80\" data-srcset=\"https:\/\/www.iannix.org\/wp-content\/uploads\/2013\/03\/logo_square_90px-80x80.png 80w, https:\/\/www.iannix.org\/wp-content\/uploads\/2013\/03\/logo_square_90px.png 90w\" data-sizes=\"(max-width: 80px) 100vw, 80px\" src=\"data:image\/svg+xml;base64,PHN2ZyB3aWR0aD0iMSIgaGVpZ2h0PSIxIiB4bWxucz0iaHR0cDovL3d3dy53My5vcmcvMjAwMC9zdmciPjwvc3ZnPg==\" style=\"--smush-placeholder-width: 80px; --smush-placeholder-aspect-ratio: 80\/80;\" \/><\/a><p id=\"caption-attachment-409\" class=\"wp-caption-text\">Square logo 90px<\/p><\/div><\/div>\n<div class=\"one-sixth\"><div id=\"attachment_407\" style=\"width: 60px\" class=\"wp-caption aligncenter\"><a href=\"https:\/\/www.iannix.org\/wp-content\/uploads\/2013\/03\/logo_square_50px.png\"><img decoding=\"async\" aria-describedby=\"caption-attachment-407\" class=\"size-full wp-image-407 lazyload\" data-src=\"https:\/\/www.iannix.org\/wp-content\/uploads\/2013\/03\/logo_square_50px.png\" alt=\"Square logo 50px\" width=\"50\" height=\"50\" src=\"data:image\/svg+xml;base64,PHN2ZyB3aWR0aD0iMSIgaGVpZ2h0PSIxIiB4bWxucz0iaHR0cDovL3d3dy53My5vcmcvMjAwMC9zdmciPjwvc3ZnPg==\" style=\"--smush-placeholder-width: 50px; --smush-placeholder-aspect-ratio: 50\/50;\" \/><\/a><p id=\"caption-attachment-407\" class=\"wp-caption-text\">Square logo 50px<\/p><\/div><\/div>\n<div class=\"one-sixth last\"><div id=\"attachment_406\" style=\"width: 90px\" class=\"wp-caption aligncenter\"><a href=\"https:\/\/www.iannix.org\/wp-content\/uploads\/2013\/03\/logo_rectangle.png\"><img decoding=\"async\" aria-describedby=\"caption-attachment-406\" class=\"size-thumbnail wp-image-406 lazyload\" data-src=\"https:\/\/www.iannix.org\/wp-content\/uploads\/2013\/03\/logo_rectangle-80x59.png\" alt=\"Rectangle logo\" width=\"80\" height=\"59\" src=\"data:image\/svg+xml;base64,PHN2ZyB3aWR0aD0iMSIgaGVpZ2h0PSIxIiB4bWxucz0iaHR0cDovL3d3dy53My5vcmcvMjAwMC9zdmciPjwvc3ZnPg==\" style=\"--smush-placeholder-width: 80px; --smush-placeholder-aspect-ratio: 80\/59;\" \/><\/a><p id=\"caption-attachment-406\" class=\"wp-caption-text\">Rectangle logo<\/p><\/div><\/div>\n<div class=\"clear\"><\/div>\n<p><\/p>","protected":false},"excerpt":{"rendered":"<p>La derni\u00e8re version stable est IanniX 0.9.20 (historique des modifications) Acc\u00e9der au wiki de IanniX (un grand merci \u00e0 [&hellip;]<\/p>\n","protected":false},"author":1,"featured_media":0,"parent":0,"menu_order":0,"comment_status":"closed","ping_status":"closed","template":"","meta":{"_bbp_topic_count":0,"_bbp_reply_count":0,"_bbp_total_topic_count":0,"_bbp_total_reply_count":0,"_bbp_voice_count":0,"_bbp_anonymous_reply_count":0,"_bbp_topic_count_hidden":0,"_bbp_reply_count_hidden":0,"_bbp_forum_subforum_count":0,"footnotes":""},"class_list":["post-11","page","type-page","status-publish","hentry"],"_links":{"self":[{"href":"https:\/\/www.iannix.org\/fr\/wp-json\/wp\/v2\/pages\/11","targetHints":{"allow":["GET"]}}],"collection":[{"href":"https:\/\/www.iannix.org\/fr\/wp-json\/wp\/v2\/pages"}],"about":[{"href":"https:\/\/www.iannix.org\/fr\/wp-json\/wp\/v2\/types\/page"}],"author":[{"embeddable":true,"href":"https:\/\/www.iannix.org\/fr\/wp-json\/wp\/v2\/users\/1"}],"replies":[{"embeddable":true,"href":"https:\/\/www.iannix.org\/fr\/wp-json\/wp\/v2\/comments?post=11"}],"version-history":[{"count":160,"href":"https:\/\/www.iannix.org\/fr\/wp-json\/wp\/v2\/pages\/11\/revisions"}],"predecessor-version":[{"id":5769,"href":"https:\/\/www.iannix.org\/fr\/wp-json\/wp\/v2\/pages\/11\/revisions\/5769"}],"wp:attachment":[{"href":"https:\/\/www.iannix.org\/fr\/wp-json\/wp\/v2\/media?parent=11"}],"curies":[{"name":"wp","href":"https:\/\/api.w.org\/{rel}","templated":true}]}}