{"id":128,"date":"2013-03-15T19:40:07","date_gmt":"2013-03-15T17:40:07","guid":{"rendered":"http:\/\/iv2\/?page_id=128"},"modified":"2013-06-18T10:31:32","modified_gmt":"2013-06-18T08:31:32","slug":"projects","status":"publish","type":"page","link":"https:\/\/www.iannix.org\/fr\/projects\/","title":{"rendered":"Showcase"},"content":{"rendered":"<p>IanniX a \u00e9t\u00e9 mis en \u0153uvre dans plusieurs projets. Retrouvez ici les photos des \u00e9v\u00e9nements, artistes, installations&#8230;. Si vous souhaitez contribuer \u00e0 cette rubrique, envoyez-nous vos photos, informations \u00e0\u00a0<a href=\"mailto: contact@iannix.org\">contact@iannix.org<\/a>.<\/p>\n<p>Il est \u00e9galement possible de faire appel \u00e0 nous pour un projet o\u00f9 vous souhaiteriez int\u00e9grer IanniX. Au del\u00e0 du d\u00e9veloppement de IanniX, notre activit\u00e9 principale est la conception et la r\u00e9alisation de projets li\u00e9s \u00e0 l&rsquo;art num\u00e9rique. N&rsquo;h\u00e9sitez donc pas <a href=\"mailto: contact@iannix.org\">\u00e0 nous contacter !<\/a>.<\/p>","protected":false},"excerpt":{"rendered":"<p>IanniX a \u00e9t\u00e9 mis en \u0153uvre dans plusieurs projets. Retrouvez ici les photos des \u00e9v\u00e9nements, artistes, installations&#8230;. Si vous [&hellip;]<\/p>\n","protected":false},"author":1,"featured_media":0,"parent":0,"menu_order":0,"comment_status":"open","ping_status":"open","template":"template-works.php","meta":{"_bbp_topic_count":0,"_bbp_reply_count":0,"_bbp_total_topic_count":0,"_bbp_total_reply_count":0,"_bbp_voice_count":0,"_bbp_anonymous_reply_count":0,"_bbp_topic_count_hidden":0,"_bbp_reply_count_hidden":0,"_bbp_forum_subforum_count":0,"footnotes":""},"class_list":["post-128","page","type-page","status-publish","hentry"],"_links":{"self":[{"href":"https:\/\/www.iannix.org\/fr\/wp-json\/wp\/v2\/pages\/128","targetHints":{"allow":["GET"]}}],"collection":[{"href":"https:\/\/www.iannix.org\/fr\/wp-json\/wp\/v2\/pages"}],"about":[{"href":"https:\/\/www.iannix.org\/fr\/wp-json\/wp\/v2\/types\/page"}],"author":[{"embeddable":true,"href":"https:\/\/www.iannix.org\/fr\/wp-json\/wp\/v2\/users\/1"}],"replies":[{"embeddable":true,"href":"https:\/\/www.iannix.org\/fr\/wp-json\/wp\/v2\/comments?post=128"}],"version-history":[{"count":22,"href":"https:\/\/www.iannix.org\/fr\/wp-json\/wp\/v2\/pages\/128\/revisions"}],"predecessor-version":[{"id":2971,"href":"https:\/\/www.iannix.org\/fr\/wp-json\/wp\/v2\/pages\/128\/revisions\/2971"}],"wp:attachment":[{"href":"https:\/\/www.iannix.org\/fr\/wp-json\/wp\/v2\/media?parent=128"}],"curies":[{"name":"wp","href":"https:\/\/api.w.org\/{rel}","templated":true}]}}