{"id":273,"date":"2013-06-14T15:18:22","date_gmt":"2013-06-14T13:18:22","guid":{"rendered":"https:\/\/www.iannix.org\/?page_id=273"},"modified":"2014-11-25T14:32:02","modified_gmt":"2014-11-25T12:32:02","slug":"whatisiannix","status":"publish","type":"page","link":"https:\/\/www.iannix.org\/fr\/whatisiannix\/","title":{"rendered":"Qu&rsquo;est-ce que IanniX ?"},"content":{"rendered":"<p><h4 class='pad'> IanniX, <strong> <br> Un s\u00e9quenceur graphique open source. <\/strong><\/h4><br \/>\nIanniX est un s\u00e9quenceur graphique open-source, inspir\u00e9 des travaux de Iannis Xenakis, destin\u00e9 \u00e0 la cr\u00e9ation num\u00e9rique. IanniX synchronise via Open Sound Control (OSC) des \u00e9v\u00e9nements et courbes vers votre environnement temps-r\u00e9el.<\/p>\n<div class=\"one-half\"><span class=\"dropcap white\"><img decoding=\"async\" alt=\"\" data-src=\"\/images\/whatisiannix\/icon_home_sequenceur.png\" src=\"data:image\/svg+xml;base64,PHN2ZyB3aWR0aD0iMSIgaGVpZ2h0PSIxIiB4bWxucz0iaHR0cDovL3d3dy53My5vcmcvMjAwMC9zdmciPjwvc3ZnPg==\" class=\"lazyload\" \/><\/span><\/p>\n<h4 style=\"margin-top: -8px; margin-bottom: -2px;\"> S\u00e9quenceur <\/h4>\n<p>IanniX est un s\u00e9quenceur graphique qui s&rsquo;interface avec de nombreux outils ou mat\u00e9riels<\/p><\/div>\n<div class=\"one-half last\"><span class=\"dropcap white\"><img decoding=\"async\" alt=\"\" data-src=\"\/images\/whatisiannix\/icon_home_tempsreel.png\" src=\"data:image\/svg+xml;base64,PHN2ZyB3aWR0aD0iMSIgaGVpZ2h0PSIxIiB4bWxucz0iaHR0cDovL3d3dy53My5vcmcvMjAwMC9zdmciPjwvc3ZnPg==\" class=\"lazyload\" \/><\/span><\/p>\n<h4 style=\"margin-top: -8px; margin-bottom: -2px;\">Temps r\u00e9el<\/h4>\n<p>IanniX est modifiable et contr\u00f4lable en temps-r\u00e9el<\/p><\/div>\n<div class=\"clear\"><\/div>\n<div class=\"one-half\"><span class=\"dropcap white\"><img decoding=\"async\" alt=\"\" data-src=\"\/images\/whatisiannix\/icon_home_espace.png\" src=\"data:image\/svg+xml;base64,PHN2ZyB3aWR0aD0iMSIgaGVpZ2h0PSIxIiB4bWxucz0iaHR0cDovL3d3dy53My5vcmcvMjAwMC9zdmciPjwvc3ZnPg==\" class=\"lazyload\" \/><\/span><\/p>\n<h4 style=\"margin-top: -8px; margin-bottom: -2px;\">Espace &amp; temps<\/h4>\n<p>IanniX exploite un espace graphique \u00e0 plusieurs dimensions<br \/>\net plusieurs temporalit\u00e9s<\/p><\/div>\n<div class=\"one-half last\"><span class=\"dropcap white\"><img decoding=\"async\" alt=\"\" data-src=\"\/images\/whatisiannix\/icon_home_osc.png\" src=\"data:image\/svg+xml;base64,PHN2ZyB3aWR0aD0iMSIgaGVpZ2h0PSIxIiB4bWxucz0iaHR0cDovL3d3dy53My5vcmcvMjAwMC9zdmciPjwvc3ZnPg==\" class=\"lazyload\" \/><\/span><\/p>\n<h4 style=\"margin-top: -8px; margin-bottom: -2px;\">Open Sound Control<\/h4>\n<p>Le protocole Open Sound Control permet une communication<br \/>\nrapide en r\u00e9seau<\/p><\/div>\n<div class=\"clear\"><\/div>\n<div class=\"one-half\"><span class=\"dropcap white\"><img decoding=\"async\" alt=\"\" data-src=\"\/images\/whatisiannix\/icon_home_cc.png\" src=\"data:image\/svg+xml;base64,PHN2ZyB3aWR0aD0iMSIgaGVpZ2h0PSIxIiB4bWxucz0iaHR0cDovL3d3dy53My5vcmcvMjAwMC9zdmciPjwvc3ZnPg==\" class=\"lazyload\" \/><\/span><\/p>\n<h4 style=\"margin-top: -8px; margin-bottom: -2px;\">Open-source<\/h4>\n<p>IanniX est gratuit et cross-platform sous licence GPL3<\/p><\/div>\n<div class=\"one-half last\"><span class=\"dropcap white\"><img decoding=\"async\" alt=\"\" data-src=\"\/images\/whatisiannix\/icon_home_js.png\" src=\"data:image\/svg+xml;base64,PHN2ZyB3aWR0aD0iMSIgaGVpZ2h0PSIxIiB4bWxucz0iaHR0cDovL3d3dy53My5vcmcvMjAwMC9zdmciPjwvc3ZnPg==\" class=\"lazyload\" \/><\/span><\/p>\n<h4 style=\"margin-top: -8px; margin-bottom: -2px;\">Programmable<\/h4>\n<p>IanniX est scripable \u00e0 l&rsquo;aide de JavaScript, permettant de cr\u00e9er des partitions complexes et g\u00e9n\u00e9ratives<\/p><\/div>\n<div class=\"clear\"><\/div>\n<h4 class='bottom-pad'> De l&rsquo;UPIC de Xenakis  <strong> \u00e0 IanniX <\/strong><\/h4>\n<div class=\"media-container border\">\n<div class=\"fluid-width-video-wrapper\" style=\"padding-top: 56.25%; \"><iframe data-src=\"https:\/\/player.vimeo.com\/video\/45161598?title=0&amp;byline=0&amp;portrait=0\" frameborder=\"0\" webkitallowfullscreen=\"\" mozallowfullscreen=\"\" allowfullscreen=\"\" id=\"fitvid233090\" src=\"data:image\/svg+xml;base64,PHN2ZyB3aWR0aD0iMSIgaGVpZ2h0PSIxIiB4bWxucz0iaHR0cDovL3d3dy53My5vcmcvMjAwMC9zdmciPjwvc3ZnPg==\" class=\"lazyload\" data-load-mode=\"1\"><\/iframe><\/div>\n<\/div>\n<blockquote><p>\u00ab\u00a0J\u2019ai \u00e9t\u00e9 tr\u00e8s heureuse de d\u00e9couvrir IanniX. Je trouve que c\u2019est \u00e0 la fois un tr\u00e8s bel hommage rendu au travail acharn\u00e9 que mon p\u00e8re a men\u00e9 toute sa vie pour mettre l\u2019informatique au service de la cr\u00e9ation musicale et visuelle. Et une tr\u00e8s belle r\u00e9ussite technique vivante et actuelle. M\u00eame si, personnellement, je ressens toujours un moment de tristesse en r\u00e9alisant que malgr\u00e9 toute la force qu\u2019il avait, il n\u2019est d\u00e9finitivement plus l\u00e0 pour partager ces moments et donner son avis&#8230; Je pense sinc\u00e8rement qu\u2019il aurait \u00e9t\u00e9 tr\u00e8s heureux de d\u00e9couvrir cette belle m\u00e9tamorphose de l\u2019UPIC qui lui tenait tant \u00e0 coeur et qu\u2019il se serait aussit\u00f4t plong\u00e9 dans cette nouvelle aventure.\u00a0\u00bb<\/p><\/blockquote>\n<p style=\"text-align: right;\">M\u00e2khi Xenakis<\/p>\n<h4 class='bottom-pad'> Exemples <strong> d&rsquo;entr\u00e9es \/ sorties <\/strong><\/h4>\n<div class=\"one-half\">\n<h4>Video<\/h4>\n<p>IanniX peut aussi s&rsquo;interfacer avec des logiciels de VJ-ing ou une installation vid\u00e9o.<br \/>\n<\/p>\n<div class=\"media-container border\">\n<div class=\"fluid-width-video-wrapper\" style=\"padding-top: 56.25%; \"><iframe data-src=\"https:\/\/player.vimeo.com\/video\/23825406?title=0&amp;byline=0&amp;portrait=0\" frameborder=\"0\" webkitallowfullscreen=\"\" mozallowfullscreen=\"\" allowfullscreen=\"\" id=\"fitvid233090\" src=\"data:image\/svg+xml;base64,PHN2ZyB3aWR0aD0iMSIgaGVpZ2h0PSIxIiB4bWxucz0iaHR0cDovL3d3dy53My5vcmcvMjAwMC9zdmciPjwvc3ZnPg==\" class=\"lazyload\" data-load-mode=\"1\"><\/iframe><\/div>\n<\/div>\n<hr>\n<h4>R\u00e9troactions<\/h4>\n<p>IanniX peut \u00e9galement \u00eatre pilot\u00e9 par lui-m\u00eame.<br \/>\nIl devient alors un syst\u00e8me compl\u00e9tement autonome.<\/p>\n<div class=\"media-container border\">\n<div class=\"fluid-width-video-wrapper\" style=\"padding-top: 56.25%; \"><iframe data-src=\"https:\/\/player.vimeo.com\/video\/25045003?title=0&amp;byline=0&amp;portrait=0\" frameborder=\"0\" webkitallowfullscreen=\"\" mozallowfullscreen=\"\" allowfullscreen=\"\" id=\"fitvid233090\" src=\"data:image\/svg+xml;base64,PHN2ZyB3aWR0aD0iMSIgaGVpZ2h0PSIxIiB4bWxucz0iaHR0cDovL3d3dy53My5vcmcvMjAwMC9zdmciPjwvc3ZnPg==\" class=\"lazyload\" data-load-mode=\"1\"><\/iframe><\/div>\n<\/div>\n<hr>\n<h4>Surfaces de contr\u00f4le<\/h4>\n<p>Les surfaces de contr\u00f4le OSC ou MIDI permettent un contr\u00f4le efficace de IanniX<br \/>\nen performance.<\/p>\n<div class=\"media-container border\">\n<div class=\"fluid-width-video-wrapper\" style=\"padding-top: 56.25%; \"><iframe data-src=\"https:\/\/player.vimeo.com\/video\/44306772?title=0&amp;byline=0\" frameborder=\"0\" webkitallowfullscreen=\"\" mozallowfullscreen=\"\" allowfullscreen=\"\" id=\"fitvid233090\" src=\"data:image\/svg+xml;base64,PHN2ZyB3aWR0aD0iMSIgaGVpZ2h0PSIxIiB4bWxucz0iaHR0cDovL3d3dy53My5vcmcvMjAwMC9zdmciPjwvc3ZnPg==\" class=\"lazyload\" data-load-mode=\"1\"><\/iframe><\/div>\n<\/div>\n<hr>\n<h4>Interactif<\/h4>\n<p>IanniX est temps-r\u00e9el et peut donc \u00eatre interactif avec Flash ou Director.<br \/>\n<img decoding=\"async\" data-src=\"\/images\/whatisiannix\/xml.jpg\" width=\"500\" class=\"alignnone lazyload\" src=\"data:image\/svg+xml;base64,PHN2ZyB3aWR0aD0iMSIgaGVpZ2h0PSIxIiB4bWxucz0iaHR0cDovL3d3dy53My5vcmcvMjAwMC9zdmciPjwvc3ZnPg==\" \/><\/div>\n<div class=\"one-half last\">\n<h4>Audio<\/h4>\n<p>Associ\u00e9 \u00e0 un logiciel audio, IanniX g\u00e9n\u00e8re des \u00e9v\u00e9nements ou des courbes qui<br \/>\nmodulent le son.<\/p>\n<div class=\"media-container border\">\n<div class=\"fluid-width-video-wrapper\" style=\"padding-top: 56.25%; \"><iframe data-src=\"https:\/\/player.vimeo.com\/video\/25041544?title=0&amp;byline=0&amp;portrait=0\" frameborder=\"0\" webkitallowfullscreen=\"\" mozallowfullscreen=\"\" allowfullscreen=\"\" id=\"fitvid233090\" src=\"data:image\/svg+xml;base64,PHN2ZyB3aWR0aD0iMSIgaGVpZ2h0PSIxIiB4bWxucz0iaHR0cDovL3d3dy53My5vcmcvMjAwMC9zdmciPjwvc3ZnPg==\" class=\"lazyload\" data-load-mode=\"1\"><\/iframe><\/div>\n<\/div>\n<hr>\n<h4>Actionneurs<\/h4>\n<p>Connect\u00e9 \u00e0 une Arduino, IanniX peut piloter le s\u00e9quencement d&rsquo;un jeu de lumi\u00e8res, d&rsquo;actionneurs\u2026<\/p>\n<div class=\"media-container border\">\n<div class=\"fluid-width-video-wrapper\" style=\"padding-top: 56.25%; \"><iframe data-src=\"https:\/\/player.vimeo.com\/video\/25053758?title=0&amp;byline=0&amp;portrait=0\" frameborder=\"0\" webkitallowfullscreen=\"\" mozallowfullscreen=\"\" allowfullscreen=\"\" id=\"fitvid233090\" src=\"data:image\/svg+xml;base64,PHN2ZyB3aWR0aD0iMSIgaGVpZ2h0PSIxIiB4bWxucz0iaHR0cDovL3d3dy53My5vcmcvMjAwMC9zdmciPjwvc3ZnPg==\" class=\"lazyload\" data-load-mode=\"1\"><\/iframe><\/div>\n<\/div>\n<hr>\n<h4>Capteurs<\/h4>\n<p>Contr\u00f4lez IanniX \u00e0 l&rsquo;aide de capteurs ou cam\u00e9ras et transformez-le en un s\u00e9quenceur temps-r\u00e9el r\u00e9actif.<\/p>\n<div class=\"media-container border\">\n<div class=\"fluid-width-video-wrapper\" style=\"padding-top: 56.25%; \"><iframe data-src=\"https:\/\/player.vimeo.com\/video\/36355391?title=0&amp;byline=0\" frameborder=\"0\" webkitallowfullscreen=\"\" mozallowfullscreen=\"\" allowfullscreen=\"\" id=\"fitvid233090\" src=\"data:image\/svg+xml;base64,PHN2ZyB3aWR0aD0iMSIgaGVpZ2h0PSIxIiB4bWxucz0iaHR0cDovL3d3dy53My5vcmcvMjAwMC9zdmciPjwvc3ZnPg==\" class=\"lazyload\" data-load-mode=\"1\"><\/iframe><\/div>\n<\/div>\n<hr>\n<h4>Web &amp; r\u00e9seaux<\/h4>\n<p>L&rsquo;interface HTTP permet d&rsquo;exploiter IanniX dans des environnements Web ou HTML.<br \/>\n<img decoding=\"async\" data-src=\"\/images\/whatisiannix\/ipad.jpg\" width=\"500\" class=\"alignnone lazyload\" src=\"data:image\/svg+xml;base64,PHN2ZyB3aWR0aD0iMSIgaGVpZ2h0PSIxIiB4bWxucz0iaHR0cDovL3d3dy53My5vcmcvMjAwMC9zdmciPjwvc3ZnPg==\" \/><\/div>\n<div class=\"clear\"><\/div>\n<h4 class='bottom-pad'> IanniX\u00a0<strong>\u00a0aujourd&rsquo;hui <\/strong><\/h4>\n<div class='media-container border'><iframe data-src=\"\/\/player.vimeo.com\/video\/112800784\" width=\"1040\" height=\"650\" frameborder=\"0\" title=\"Music Tech Fest @ IRCAM\" webkitallowfullscreen mozallowfullscreen allowfullscreen src=\"data:image\/svg+xml;base64,PHN2ZyB3aWR0aD0iMSIgaGVpZ2h0PSIxIiB4bWxucz0iaHR0cDovL3d3dy53My5vcmcvMjAwMC9zdmciPjwvc3ZnPg==\" class=\"lazyload\" data-load-mode=\"1\"><\/iframe><\/div>\n<div class='clear'><\/div>\n<p>https:\/\/www.dailymotion.com\/video\/xxvfw4_<\/p>","protected":false},"excerpt":{"rendered":"<p>IanniX est un s\u00e9quenceur graphique open-source, inspir\u00e9 des travaux de Iannis Xenakis, destin\u00e9 \u00e0 la cr\u00e9ation num\u00e9rique. IanniX synchronise [&hellip;]<\/p>\n","protected":false},"author":1,"featured_media":0,"parent":0,"menu_order":0,"comment_status":"closed","ping_status":"closed","template":"","meta":{"_bbp_topic_count":0,"_bbp_reply_count":0,"_bbp_total_topic_count":0,"_bbp_total_reply_count":0,"_bbp_voice_count":0,"_bbp_anonymous_reply_count":0,"_bbp_topic_count_hidden":0,"_bbp_reply_count_hidden":0,"_bbp_forum_subforum_count":0,"footnotes":""},"class_list":["post-273","page","type-page","status-publish","hentry"],"_links":{"self":[{"href":"https:\/\/www.iannix.org\/fr\/wp-json\/wp\/v2\/pages\/273","targetHints":{"allow":["GET"]}}],"collection":[{"href":"https:\/\/www.iannix.org\/fr\/wp-json\/wp\/v2\/pages"}],"about":[{"href":"https:\/\/www.iannix.org\/fr\/wp-json\/wp\/v2\/types\/page"}],"author":[{"embeddable":true,"href":"https:\/\/www.iannix.org\/fr\/wp-json\/wp\/v2\/users\/1"}],"replies":[{"embeddable":true,"href":"https:\/\/www.iannix.org\/fr\/wp-json\/wp\/v2\/comments?post=273"}],"version-history":[{"count":99,"href":"https:\/\/www.iannix.org\/fr\/wp-json\/wp\/v2\/pages\/273\/revisions"}],"predecessor-version":[{"id":3486,"href":"https:\/\/www.iannix.org\/fr\/wp-json\/wp\/v2\/pages\/273\/revisions\/3486"}],"wp:attachment":[{"href":"https:\/\/www.iannix.org\/fr\/wp-json\/wp\/v2\/media?parent=273"}],"curies":[{"name":"wp","href":"https:\/\/api.w.org\/{rel}","templated":true}]}}