{"id":384,"date":"2013-06-15T15:32:23","date_gmt":"2013-06-15T13:32:23","guid":{"rendered":"https:\/\/www.iannix.org\/?page_id=384"},"modified":"2013-06-15T15:32:23","modified_gmt":"2013-06-15T13:32:23","slug":"donation-thanks","status":"publish","type":"page","link":"https:\/\/www.iannix.org\/fr\/donation-thanks\/","title":{"rendered":"Merci de votre don !"},"content":{"rendered":"<p>Nous tenons \u00e0 vous remercier du soutien et de l&rsquo;int\u00e9r\u00eat que vous portez \u00e0 IanniX en faisant un don \u00e0 notre association.<br \/>\nCe don nous permet de continuer \u00e0 d\u00e9velopper cet outil dans de bonnes conditions et permet \u00e9galement de couvrir les frais de communication du logiciel (d\u00e9placements, site web, administratif\u2026)<\/p>\n<p>Encore merci pour votre don !<\/p>\n<p>&#8212;<br \/>\nThierry, Guillaume &#038; Matthieu<\/p>","protected":false},"excerpt":{"rendered":"<p>Nous tenons \u00e0 vous remercier du soutien et de l&rsquo;int\u00e9r\u00eat que vous portez \u00e0 IanniX en faisant un don [&hellip;]<\/p>\n","protected":false},"author":1,"featured_media":0,"parent":0,"menu_order":0,"comment_status":"closed","ping_status":"closed","template":"","meta":{"_bbp_topic_count":0,"_bbp_reply_count":0,"_bbp_total_topic_count":0,"_bbp_total_reply_count":0,"_bbp_voice_count":0,"_bbp_anonymous_reply_count":0,"_bbp_topic_count_hidden":0,"_bbp_reply_count_hidden":0,"_bbp_forum_subforum_count":0,"footnotes":""},"class_list":["post-384","page","type-page","status-publish","hentry"],"_links":{"self":[{"href":"https:\/\/www.iannix.org\/fr\/wp-json\/wp\/v2\/pages\/384","targetHints":{"allow":["GET"]}}],"collection":[{"href":"https:\/\/www.iannix.org\/fr\/wp-json\/wp\/v2\/pages"}],"about":[{"href":"https:\/\/www.iannix.org\/fr\/wp-json\/wp\/v2\/types\/page"}],"author":[{"embeddable":true,"href":"https:\/\/www.iannix.org\/fr\/wp-json\/wp\/v2\/users\/1"}],"replies":[{"embeddable":true,"href":"https:\/\/www.iannix.org\/fr\/wp-json\/wp\/v2\/comments?post=384"}],"version-history":[{"count":1,"href":"https:\/\/www.iannix.org\/fr\/wp-json\/wp\/v2\/pages\/384\/revisions"}],"predecessor-version":[{"id":385,"href":"https:\/\/www.iannix.org\/fr\/wp-json\/wp\/v2\/pages\/384\/revisions\/385"}],"wp:attachment":[{"href":"https:\/\/www.iannix.org\/fr\/wp-json\/wp\/v2\/media?parent=384"}],"curies":[{"name":"wp","href":"https:\/\/api.w.org\/{rel}","templated":true}]}}