{"id":536,"date":"2013-06-16T18:17:50","date_gmt":"2013-06-16T16:17:50","guid":{"rendered":"https:\/\/www.iannix.org\/?page_id=536"},"modified":"2013-06-16T18:20:14","modified_gmt":"2013-06-16T16:20:14","slug":"membership-thanks","status":"publish","type":"page","link":"https:\/\/www.iannix.org\/fr\/membership-thanks\/","title":{"rendered":"Merci de votre adh\u00e9sion !"},"content":{"rendered":"<p>Nous tenons \u00e0 vous remercier du soutien et de l&rsquo;int\u00e9r\u00eat que vous portez \u00e0 IanniX en devant membre de l&rsquo;association.<br \/>\nNous allons vous envoyer un email tr\u00e8s prochainement pour confirmer votre adh\u00e9sion.<\/p>\n<p>Encore merci  !<\/p>\n<p>&#8212;<br \/>\nThierry, Guillaume &#038; Matthieu<\/p>","protected":false},"excerpt":{"rendered":"<p>Nous tenons \u00e0 vous remercier du soutien et de l&rsquo;int\u00e9r\u00eat que vous portez \u00e0 IanniX en devant membre de [&hellip;]<\/p>\n","protected":false},"author":1,"featured_media":0,"parent":0,"menu_order":0,"comment_status":"closed","ping_status":"closed","template":"","meta":{"_bbp_topic_count":0,"_bbp_reply_count":0,"_bbp_total_topic_count":0,"_bbp_total_reply_count":0,"_bbp_voice_count":0,"_bbp_anonymous_reply_count":0,"_bbp_topic_count_hidden":0,"_bbp_reply_count_hidden":0,"_bbp_forum_subforum_count":0,"footnotes":""},"class_list":["post-536","page","type-page","status-publish","hentry"],"_links":{"self":[{"href":"https:\/\/www.iannix.org\/fr\/wp-json\/wp\/v2\/pages\/536","targetHints":{"allow":["GET"]}}],"collection":[{"href":"https:\/\/www.iannix.org\/fr\/wp-json\/wp\/v2\/pages"}],"about":[{"href":"https:\/\/www.iannix.org\/fr\/wp-json\/wp\/v2\/types\/page"}],"author":[{"embeddable":true,"href":"https:\/\/www.iannix.org\/fr\/wp-json\/wp\/v2\/users\/1"}],"replies":[{"embeddable":true,"href":"https:\/\/www.iannix.org\/fr\/wp-json\/wp\/v2\/comments?post=536"}],"version-history":[{"count":3,"href":"https:\/\/www.iannix.org\/fr\/wp-json\/wp\/v2\/pages\/536\/revisions"}],"predecessor-version":[{"id":539,"href":"https:\/\/www.iannix.org\/fr\/wp-json\/wp\/v2\/pages\/536\/revisions\/539"}],"wp:attachment":[{"href":"https:\/\/www.iannix.org\/fr\/wp-json\/wp\/v2\/media?parent=536"}],"curies":[{"name":"wp","href":"https:\/\/api.w.org\/{rel}","templated":true}]}}